{"id":2251,"date":"2018-01-18T15:01:36","date_gmt":"2018-01-18T13:01:36","guid":{"rendered":"https:\/\/www.malibas.nl\/?page_id=2251"},"modified":"2018-01-18T15:02:22","modified_gmt":"2018-01-18T13:02:22","slug":"ongemakkelijke-mensen-elly-biesters","status":"publish","type":"page","link":"https:\/\/www.malibas.nl\/?page_id=2251","title":{"rendered":"Ongemakkelijke mensen &#8211; Elly Biesters"},"content":{"rendered":"<p><strong><a href=\"https:\/\/www.malibas.nl\/wp-content\/uploads\/2018\/01\/Ongemakkelijke-mensen-jpeg.jpg\"><img loading=\"lazy\" decoding=\"async\" class=\"alignleft size-full wp-image-2253\" src=\"https:\/\/www.malibas.nl\/wp-content\/uploads\/2018\/01\/Ongemakkelijke-mensen-jpeg.jpg\" alt=\"\" width=\"179\" height=\"282\" \/><\/a>\u201cZe kunnen niet m\u00e9t en <\/strong><strong>niet zonder elkaar\u201d<\/strong><\/p>\n<p>Waar bevinden zich deze \u201cOngemakkelijke mensen\u201d?<\/p>\n<p>De twaalfjarige naamloze vertelster neemt de lezer mee terug naar haar geboortedorp Heerewaarden, een voormalig welvarend vissersdorpje in het Gelderse Rivierengebied waar haar opa h\u00e9\u00e9\u00e9l belangrijk was volgens zijn eigen zeggen en waar hij met zijn zalm- en palingvisserij zijn kapitaal en macht heeft vergaard. Hij is inmiddels behoorlijk op leeftijd en zijn grootste hobby is nu om over al deze heldendaden te pochen, tot in den treure toe\u2026 en echt aan iedereen die zijn pad kruist, wil hij deze successen vertellen met wat handige tips erbij, bijvoorbeeld hoe je een zalm krimp moet slaan zodat deze mooi roze van kleur wordt. Door de Deltawerken kwam er helemaal geen vis de rivieren meer op. Opa en zijn riviervisserij zijn vergane glorie geworden. <em>\u201cWij zijn dubbelop verraden, verkocht en vergeten\u201d <\/em>roept hij meermaals. Opa is een bijzonder irritante, dominante, vieze, gierige oude man die na zijn werkzame leven nog meer de dictator van de familie is geworden. In wezen zo tragisch.<\/p>\n<p>Onze twaalfjarige vertelster is nog maar een \u201cderke\u201d, <em>\u201ceen meisje dat niet in de weg mocht lopen, niet te veel vragen, niet te veel zeggen en niet te veel zijn\u201d<\/em>. Daardoor heeft zij een geweldig scherp oog ontwikkeld waarmee ze haar familie, haar omgeving haarscherp observeert en analyseert. Als het ware door een vergrootglas. Zij beschrijft haar dorp in eenvoudige, doch veelzeggende zinnetjes, soms met humor, maar bijna altijd met een melancholieke, bijna tragische ondertoon. Ook dankzij het plaatselijk dialect dat zij soms woordelijk overneemt komt het verhaal als waargebeurd over en het accentueert de eenvoud van de mensen in dit dorpje eind jaren 70.<\/p>\n<p>Een paar citaatjes:<\/p>\n<p>Derke: <em>\u201cIedereen heeft zo zijn sores. Wij hebben onze zus\u201d.<\/em><\/p>\n<p>De buurvrouw met haar zinnige opmerkingen: <em>\u201cHet is enkel tijd en toeval wat je treft\u201d \u00a0<\/em>En de buurman:<em> \u201cJullie zijn allemaal niet goed wijs\u201d. <\/em><\/p>\n<p>Ome Han over opa: <em>\u201cGij zijt een aauwe mins. Minse van tachtig horen op het kerkhof\u201d. <\/em><\/p>\n<p>Opa, bullebak: <em>\u201cHaauwt oe smoel es!\u201d<\/em><\/p>\n<p>De zeventigerjaren tijdgeest die in deze roman beschreven wordt is in \u00e9\u00e9n woord: uitmuntend. Alsof je een soort encyclopedie opslaat of kijkt naar een documentaire \u201cAndere tijden\u201d en leest en ziet hoe het dorpsleven eruit zag in 1977. Alles komt voorbij, van de SRV-man tot de blikjes soep van Campbell, van het zelf thuis nasi en bami maken en de blikjes van Suzi Wan tot het luisteren naar de muziek van James Last op de pick-up, de jukebox in het cafetaria, het hamsteren, de verjaardagen met de bekende cadeautjes van Fa en Doppeldouche en de 7-UP met de plakjes leverworst\u2026, de belangrijke rol van de televisie met het Journaal met Fred Emmer, de Fabeltjeskrant, Calimero, Fred Oster met de Wie-kent-Kwis, George en Mildred, de kaping van de trein in Drenthe en M.-P. Den Uijl. En dan de persoonlijke drama\u2019s voor de kinderen: het spreeuwen schieten en ongewenste nestjes katten verdrinken, het afranselen van een ongehoorzame jonge hond, de wekelijkse wasbeurt in het lavet, de \u201ckojbojlaarzen\u201d die twee maten te groot zijn, het feloranje jack met tankpunten bij elkaar gespaard bij de Total. Humoristisch beschreven en zo herkenbaar!<\/p>\n<p>De opbouw is goed doordacht. Eerst een soort proloog van vijf bladzijden \u2013 april 1987 \u2013 het einde van opa is in zicht. Dan tien jaar terug naar 1977. Een jaar met veel herinneringen die dus door de \u201cderke\u201d beschreven worden in een soort dorpsblog of \u2013vlog, in korte hoofdstukken. Dit jaar is ook h\u00e1\u00e1r laatste jaar op de lagere school. De volgorde is min of meer chronologisch. Dit tweede deel is eigenlijk het hele boek: blz 18-240. Dan zijn we daarna weer terug in 1987 voor de laatste drie hoofdstukken en de laatste maanden van opa. De vertelster, nu 22 dus, sluit hiermee ook haar dorpse leven af, haar materi\u00eble herinneringen zullen opgehangen worden achter de toonbank in haar muziekwinkeltje in Den Bosch en ze besluit met de wijze woorden: <em>\u201cHet is bijna niets meer\u201d.<\/em> Ook al slaan deze laatste woorden op het legendarische muntenkistje van opa. Ik zie het breder.\u00a0De cirkel is rond door deze opbouw.<\/p>\n<p>Het boek dat ik als Blind Date ontving werd al aangekondigd als een boek met mannelijke ego\u2019s. Daar heb ik persoonlijk weinig mee en dat is zo gebleven. Tijdens het lezen heb ik extra goed opgelet hoe het met de vrouwelijke ego\u2019s stond. Bedroevend. Ze zijn nagenoeg allemaal weinig waard, hoewel er wel gradaties in zijn. De overbuurvrouw durft wel rake dingen te zeggen, daarbij gesteund door haar man. En met \u2018derke\u2019 loopt het hoogstwaarschijnlijk wel goed af. Ze heeft gelukkig ook haar \u2018stoute\u2019 momenten in het boek.<\/p>\n<p>De diverse personages die beschreven worden zijn allen zeer stereotiep neergezet. Ze zijn zo en ze blijven zo. Van het irritante, oversekste jong in de klas tot en met de oude vieze man die jonge meisjes wil kussen die aan de deur komen om kinderpostzegels te verkopen. Hoezo #metoo? Het waren duidelijk andere tijden. Niet zeuren. Er is een zogenaamd manwijf en haar\/zijn ? vriendschap met de veronderstelde homo. Mensen hebben zeer opvallende afwijkingen: de klompvoet en de rare frommeloren, het hitlersnorretje. De verschillende lichaamsgeuren worden tot in de kleinste nuance beschreven. Er wordt veelvuldig gescholden en gevloekt.. Ook de mensen met de losse handjes ontbreken niet. Zelfs het standsverschil komt als thema aan bod.<\/p>\n<p>Het viel me wel op dat de familie van \u201cderke\u201d, zelfs haar zwakbegaafde zus \u201c<em>een ongelukkig kind<\/em>\u201d, nogal \u00b4kunstzinnig\u2019 was, ze tekenen, schrijven, dichten, zingen, maken muziek (banjo, gitaar, mondharmonica, accordeon) waarschijnlijk ook als therapie (vlucht) om uit hun ongemakkelijke leven even te ontsnappen.<\/p>\n<p>De meeste mensen zijn inderdaad ongemakkelijk zoals de titel van het boek aangeeft en de lezer is door de levensechte schrijfstijl zeker be\u00efnvloed. Een van de weinige \u00b4normale\u2019 mensen vond ik de SRV-man. Hij wordt vrij vaak genoemd, is er wanneer je hem nodig hebt, probeert ruzies te voorkomen, maakt de juiste conclusies, volkomen ge\u00efntegreerd in het dorpsleven. ik mocht hem wel&#8230;.?<\/p>\n<p><a href=\"https:\/\/www.malibas.nl\/wp-content\/uploads\/2018\/01\/Elly-Biesters.jpg\"><img loading=\"lazy\" decoding=\"async\" class=\"alignleft size-full wp-image-2252\" src=\"https:\/\/www.malibas.nl\/wp-content\/uploads\/2018\/01\/Elly-Biesters.jpg\" alt=\"\" width=\"180\" height=\"280\" \/><\/a>Concluderend moet ik zeggen dat ik dit debuut van Elly Biesters gewaardeerd heb. Vlot geschreven, humoristisch met vaak toch weer een tragische ondertoon. Een lach met een traan. Ik vond het bovendien een vondst om het perspectief bij het twaalfjarige, vroegwijze, naamloze meisje te leggen. (Er zijn wel meisjes die de moeite waard zijn\u2026)<\/p>\n<p>Vooral deze schrijfstijl, zo duidelijk horend bij het hoofdthema: \u201ceen ondermaats, zeer eenvoudig, armoedig dorpsleven uit de jaren 70\u201d, heeft het lezen van \u201cOngemakkelijke mensen\u201d toch gemakkelijk gemaakt. Na rijp beraad kom ik uit bij VIER STERREN.<\/p>\n<p>Zeist, 18 januari 2018<\/p>\n<p>&nbsp;<\/p>\n<p>Wil van Basten-Malipaard<\/p>\n","protected":false},"excerpt":{"rendered":"<p>\u201cZe kunnen niet m\u00e9t en niet zonder elkaar\u201d Waar bevinden zich deze \u201cOngemakkelijke mensen\u201d? De twaalfjarige naamloze vertelster neemt de lezer mee terug naar haar geboortedorp Heerewaarden, een voormalig welvarend vissersdorpje in het Gelderse Rivierengebied waar haar opa h\u00e9\u00e9\u00e9l belangrijk &hellip; <a href=\"https:\/\/www.malibas.nl\/?page_id=2251\">Lees verder <span class=\"meta-nav\">&rarr;<\/span><\/a><\/p>\n","protected":false},"author":1,"featured_media":0,"parent":311,"menu_order":19,"comment_status":"closed","ping_status":"closed","template":"","meta":{"footnotes":""},"class_list":["post-2251","page","type-page","status-publish","hentry"],"_links":{"self":[{"href":"https:\/\/www.malibas.nl\/index.php?rest_route=\/wp\/v2\/pages\/2251","targetHints":{"allow":["GET"]}}],"collection":[{"href":"https:\/\/www.malibas.nl\/index.php?rest_route=\/wp\/v2\/pages"}],"about":[{"href":"https:\/\/www.malibas.nl\/index.php?rest_route=\/wp\/v2\/types\/page"}],"author":[{"embeddable":true,"href":"https:\/\/www.malibas.nl\/index.php?rest_route=\/wp\/v2\/users\/1"}],"replies":[{"embeddable":true,"href":"https:\/\/www.malibas.nl\/index.php?rest_route=%2Fwp%2Fv2%2Fcomments&post=2251"}],"version-history":[{"count":2,"href":"https:\/\/www.malibas.nl\/index.php?rest_route=\/wp\/v2\/pages\/2251\/revisions"}],"predecessor-version":[{"id":2255,"href":"https:\/\/www.malibas.nl\/index.php?rest_route=\/wp\/v2\/pages\/2251\/revisions\/2255"}],"up":[{"embeddable":true,"href":"https:\/\/www.malibas.nl\/index.php?rest_route=\/wp\/v2\/pages\/311"}],"wp:attachment":[{"href":"https:\/\/www.malibas.nl\/index.php?rest_route=%2Fwp%2Fv2%2Fmedia&parent=2251"}],"curies":[{"name":"wp","href":"https:\/\/api.w.org\/{rel}","templated":true}]}}